{"id":7,"date":"2021-02-11T12:59:10","date_gmt":"2021-02-11T12:59:10","guid":{"rendered":"https:\/\/thethemedemo.com\/bizcale\/?page_id=7"},"modified":"2023-01-18T20:09:57","modified_gmt":"2023-01-18T20:09:57","slug":"contact-us","status":"publish","type":"page","link":"https:\/\/secreerd.com\/index.php\/contact-us\/","title":{"rendered":"Cont\u00e1ctos"},"content":{"rendered":"\t\t<div data-elementor-type=\"wp-page\" data-elementor-id=\"7\" class=\"elementor elementor-7\">\n\t\t\t\t\t\t\t\t\t<section class=\"elementor-section elementor-top-section elementor-element elementor-element-30f30055 elementor-section-full_width elementor-section-height-default elementor-section-height-default\" data-id=\"30f30055\" data-element_type=\"section\">\n\t\t\t\t\t\t<div class=\"elementor-container elementor-column-gap-no\">\n\t\t\t\t\t<div class=\"elementor-column elementor-col-100 elementor-top-column elementor-element elementor-element-12c9f449\" data-id=\"12c9f449\" data-element_type=\"column\">\n\t\t\t<div class=\"elementor-widget-wrap elementor-element-populated\">\n\t\t\t\t\t\t\t\t<div class=\"elementor-element elementor-element-2ea78b9f elementor-widget elementor-widget-google_maps\" data-id=\"2ea78b9f\" data-element_type=\"widget\" data-widget_type=\"google_maps.default\">\n\t\t\t\t<div class=\"elementor-widget-container\">\n\t\t\t<style>\/*! elementor - v3.10.0 - 09-01-2023 *\/\n.elementor-widget-google_maps .elementor-widget-container{overflow:hidden}.elementor-widget-google_maps iframe{height:300px}<\/style>\t\t<div class=\"elementor-custom-embed\">\n\t\t\t<iframe loading=\"lazy\"\n\t\t\t\t\tsrc=\"https:\/\/maps.google.com\/maps?q=secree&#038;t=m&#038;z=16&#038;output=embed&#038;iwloc=near\"\n\t\t\t\t\ttitle=\"secree\"\n\t\t\t\t\taria-label=\"secree\"\n\t\t\t><\/iframe>\n\t\t<\/div>\n\t\t\t\t<\/div>\n\t\t\t\t<\/div>\n\t\t\t\t\t<\/div>\n\t\t<\/div>\n\t\t\t\t\t\t\t<\/div>\n\t\t<\/section>\n\t\t\t\t<section class=\"elementor-section elementor-top-section elementor-element elementor-element-77272561 elementor-section-boxed elementor-section-height-default elementor-section-height-default\" data-id=\"77272561\" data-element_type=\"section\">\n\t\t\t\t\t\t<div class=\"elementor-container elementor-column-gap-default\">\n\t\t\t\t\t<div class=\"elementor-column elementor-col-100 elementor-top-column elementor-element elementor-element-49d2e82c\" data-id=\"49d2e82c\" data-element_type=\"column\" data-settings=\"{&quot;background_background&quot;:&quot;classic&quot;}\">\n\t\t\t<div class=\"elementor-widget-wrap elementor-element-populated\">\n\t\t\t\t\t\t\t\t<section class=\"elementor-section elementor-inner-section elementor-element elementor-element-6c0e2e0b elementor-section-full_width elementor-section-height-default elementor-section-height-default\" data-id=\"6c0e2e0b\" data-element_type=\"section\">\n\t\t\t\t\t\t<div class=\"elementor-container elementor-column-gap-default\">\n\t\t\t\t\t<div class=\"elementor-column elementor-col-50 elementor-inner-column elementor-element elementor-element-4efb4576\" data-id=\"4efb4576\" data-element_type=\"column\">\n\t\t\t<div class=\"elementor-widget-wrap elementor-element-populated\">\n\t\t\t\t\t\t\t\t<div class=\"elementor-element elementor-element-23960d0d htmove-heading-start elementor-widget elementor-widget-move-heading\" data-id=\"23960d0d\" data-element_type=\"widget\" data-widget_type=\"move-heading.default\">\n\t\t\t\t<div class=\"elementor-widget-container\">\n\t\t\t<div class=\"htmove-heading htmove-heading-center htmove-sub-heading-pos- htmove-heading-icon-top\"><span class=\"htmove-heading-icon\"><i aria-hidden=\"true\" class=\"fas fa-map-marker-alt\"><\/i><\/span><h2  class=\"htmove-heading-title\">Oficina Principal<\/h2><p class=\"htmove-heading-desc\">Calle \u00c1ngel Morales Esquina Rosario No. 87, <br> Moca, Provincia Espaillat, Rep. Dom. <\/p><\/div>\t\t<\/div>\n\t\t\t\t<\/div>\n\t\t\t\t\t<\/div>\n\t\t<\/div>\n\t\t\t\t<div class=\"elementor-column elementor-col-50 elementor-inner-column elementor-element elementor-element-6e7401d6\" data-id=\"6e7401d6\" data-element_type=\"column\">\n\t\t\t<div class=\"elementor-widget-wrap elementor-element-populated\">\n\t\t\t\t\t\t\t\t<div class=\"elementor-element elementor-element-83f3f5 htmove-heading-start elementor-widget elementor-widget-move-heading\" data-id=\"83f3f5\" data-element_type=\"widget\" data-widget_type=\"move-heading.default\">\n\t\t\t\t<div class=\"elementor-widget-container\">\n\t\t\t<div class=\"htmove-heading htmove-heading-center htmove-sub-heading-pos-top\"><span  class=\"htmove-heading-sub-title\">Ll\u00e1manos al n\u00famero:<\/span><h2  class=\"htmove-heading-title\">Oficina:  &nbsp; &nbsp; &nbsp;809-578-6161 <br>Negocios: 829-259-3957<br>\nSeguros: &nbsp; 829-259-3228<\/h2><\/div>\t\t<\/div>\n\t\t\t\t<\/div>\n\t\t\t\t<div class=\"elementor-element elementor-element-4c227748 htmove-heading-start elementor-widget elementor-widget-move-heading\" data-id=\"4c227748\" data-element_type=\"widget\" data-widget_type=\"move-heading.default\">\n\t\t\t\t<div class=\"elementor-widget-container\">\n\t\t\t<div class=\"htmove-heading htmove-heading-center htmove-sub-heading-pos-top\"><span  class=\"htmove-heading-sub-title\">Horario de Trabajo:<\/span><p class=\"htmove-heading-desc\">Lun - Vie:   8:00 AM - 05:00 PM<br>\nS\u00e1bados:  8:30 AM -  12:30  PM<\/p><\/div>\t\t<\/div>\n\t\t\t\t<\/div>\n\t\t\t\t\t<\/div>\n\t\t<\/div>\n\t\t\t\t\t\t\t<\/div>\n\t\t<\/section>\n\t\t\t\t\t<\/div>\n\t\t<\/div>\n\t\t\t\t\t\t\t<\/div>\n\t\t<\/section>\n\t\t\t\t<section class=\"elementor-section elementor-top-section elementor-element elementor-element-afadb50 elementor-section-boxed elementor-section-height-default elementor-section-height-default\" data-id=\"afadb50\" data-element_type=\"section\" data-settings=\"{&quot;background_background&quot;:&quot;classic&quot;}\">\n\t\t\t\t\t\t<div class=\"elementor-container elementor-column-gap-default\">\n\t\t\t\t\t<div class=\"elementor-column elementor-col-100 elementor-top-column elementor-element elementor-element-4eb74a79\" data-id=\"4eb74a79\" data-element_type=\"column\">\n\t\t\t<div class=\"elementor-widget-wrap elementor-element-populated\">\n\t\t\t\t\t\t\t\t<div class=\"elementor-element elementor-element-533d6c07 htmove-heading-start elementor-widget elementor-widget-move-heading\" data-id=\"533d6c07\" data-element_type=\"widget\" data-widget_type=\"move-heading.default\">\n\t\t\t\t<div class=\"elementor-widget-container\">\n\t\t\t<div class=\"htmove-heading htmove-heading-center htmove-sub-heading-pos-top\"><span  class=\"htmove-heading-sub-title\">Cont\u00e1ctanos<\/span><h2  class=\"htmove-heading-title\">Siempre disponible para ayuderte!<\/h2><\/div>\t\t<\/div>\n\t\t\t\t<\/div>\n\t\t\t\t<div class=\"elementor-element elementor-element-63680206 elementor-widget elementor-widget-htwpform-addons\" data-id=\"63680206\" data-element_type=\"widget\" data-widget_type=\"htwpform-addons.default\">\n\t\t\t\t<div class=\"elementor-widget-container\">\n\t\t\t            <div class=\"htwpform_area\" >\n                <div class=\"wpforms-container wpforms-container-full\" id=\"wpforms-368\"><form id=\"wpforms-form-368\" class=\"wpforms-validate wpforms-form wpforms-ajax-form\" data-formid=\"368\" method=\"post\" enctype=\"multipart\/form-data\" action=\"\/index.php\/wp-json\/wp\/v2\/pages\/7\" data-token=\"baef46c795169f7f0722a8e2f24c8442\"><noscript class=\"wpforms-error-noscript\">Por favor, activa JavaScript en tu navegador para completar este formulario.<\/noscript><div class=\"wpforms-field-container\"><div id=\"wpforms-368-field_0-container\" class=\"wpforms-field wpforms-field-name\" data-field-id=\"0\"><label class=\"wpforms-field-label\" for=\"wpforms-368-field_0\">Nombre<\/label><input type=\"text\" id=\"wpforms-368-field_0\" class=\"wpforms-field-medium\" name=\"wpforms[fields][0]\" ><\/div><div id=\"wpforms-368-field_1-container\" class=\"wpforms-field wpforms-field-email\" data-field-id=\"1\"><label class=\"wpforms-field-label\" for=\"wpforms-368-field_1\">Email <span class=\"wpforms-required-label\">*<\/span><\/label><input type=\"email\" id=\"wpforms-368-field_1\" class=\"wpforms-field-medium wpforms-field-required\" name=\"wpforms[fields][1]\" required><\/div><div id=\"wpforms-368-field_2-container\" class=\"wpforms-field wpforms-field-textarea\" data-field-id=\"2\"><label class=\"wpforms-field-label\" for=\"wpforms-368-field_2\">Mensaje <span class=\"wpforms-required-label\">*<\/span><\/label><textarea id=\"wpforms-368-field_2\" class=\"wpforms-field-medium wpforms-field-required\" name=\"wpforms[fields][2]\" required><\/textarea><\/div><\/div><div class=\"wpforms-submit-container\"><input type=\"hidden\" name=\"wpforms[id]\" value=\"368\"><input type=\"hidden\" name=\"wpforms[author]\" value=\"1\"><button type=\"submit\" name=\"wpforms[submit]\" id=\"wpforms-submit-368\" class=\"wpforms-submit\" data-alt-text=\"Enviando....\" data-submit-text=\"Enviar\" aria-live=\"assertive\" value=\"wpforms-submit\">Enviar<\/button><img decoding=\"async\" loading=\"lazy\" src=\"https:\/\/secreerd.com\/wp-content\/plugins\/wpforms-lite\/assets\/images\/submit-spin.svg\" class=\"wpforms-submit-spinner\" style=\"display: none;\" width=\"26\" height=\"26\" alt=\"Cargando\"><\/div><\/form><\/div>  <!-- .wpforms-container -->            <\/div>\n\n        \t\t<\/div>\n\t\t\t\t<\/div>\n\t\t\t\t\t<\/div>\n\t\t<\/div>\n\t\t\t\t\t\t\t<\/div>\n\t\t<\/section>\n\t\t\t\t<section class=\"elementor-section elementor-top-section elementor-element elementor-element-7bed99f elementor-section-stretched elementor-section-boxed elementor-section-height-default elementor-section-height-default\" data-id=\"7bed99f\" data-element_type=\"section\" data-settings=\"{&quot;stretch_section&quot;:&quot;section-stretched&quot;}\">\n\t\t\t\t\t\t<div class=\"elementor-container elementor-column-gap-default\">\n\t\t\t\t\t<div class=\"elementor-column elementor-col-100 elementor-top-column elementor-element elementor-element-4c49b4e\" data-id=\"4c49b4e\" data-element_type=\"column\">\n\t\t\t<div class=\"elementor-widget-wrap elementor-element-populated\">\n\t\t\t\t\t\t\t\t<div class=\"elementor-element elementor-element-cef9682 elementor-widget elementor-widget-image\" data-id=\"cef9682\" data-element_type=\"widget\" data-widget_type=\"image.default\">\n\t\t\t\t<div class=\"elementor-widget-container\">\n\t\t\t<style>\/*! elementor - v3.10.0 - 09-01-2023 *\/\n.elementor-widget-image{text-align:center}.elementor-widget-image a{display:inline-block}.elementor-widget-image a img[src$=\".svg\"]{width:48px}.elementor-widget-image img{vertical-align:middle;display:inline-block}<\/style>\t\t\t\t\t\t\t\t\t\t\t\t<img decoding=\"async\" width=\"2560\" height=\"914\" src=\"https:\/\/secreerd.com\/wp-content\/uploads\/2023\/01\/Banner-Whatsapp-scaled.jpg\" class=\"attachment-full size-full wp-image-805\" alt=\"\" loading=\"lazy\" srcset=\"https:\/\/secreerd.com\/wp-content\/uploads\/2023\/01\/Banner-Whatsapp-scaled.jpg 2560w, https:\/\/secreerd.com\/wp-content\/uploads\/2023\/01\/Banner-Whatsapp-300x107.jpg 300w, https:\/\/secreerd.com\/wp-content\/uploads\/2023\/01\/Banner-Whatsapp-1024x365.jpg 1024w, https:\/\/secreerd.com\/wp-content\/uploads\/2023\/01\/Banner-Whatsapp-768x274.jpg 768w, https:\/\/secreerd.com\/wp-content\/uploads\/2023\/01\/Banner-Whatsapp-1536x548.jpg 1536w, https:\/\/secreerd.com\/wp-content\/uploads\/2023\/01\/Banner-Whatsapp-2048x731.jpg 2048w\" sizes=\"(max-width: 2560px) 100vw, 2560px\" \/>\t\t\t\t\t\t\t\t\t\t\t\t\t\t\t<\/div>\n\t\t\t\t<\/div>\n\t\t\t\t\t<\/div>\n\t\t<\/div>\n\t\t\t\t\t\t\t<\/div>\n\t\t<\/section>\n\t\t\t\t\t\t\t<\/div>\n\t\t","protected":false},"excerpt":{"rendered":"<p>Oficina Principal Calle \u00c1ngel Morales Esquina Rosario No. 87, Moca, Provincia Espaillat, Rep. Dom. Ll\u00e1manos al n\u00famero: Oficina: &nbsp; &nbsp; &nbsp;809-578-6161 Negocios: 829-259-3957 Seguros: &nbsp; 829-259-3228 Horario de Trabajo: Lun &#8211; Vie: 8:00 AM &#8211; 05:00 PM S\u00e1bados: 8:30 AM &#8211; 12:30 PM Cont\u00e1ctanos Siempre disponible para ayuderte! Por favor, activa JavaScript en tu navegador [&hellip;]<\/p>\n","protected":false},"author":1,"featured_media":0,"parent":0,"menu_order":0,"comment_status":"closed","ping_status":"closed","template":"elementor_header_footer","meta":{"_mi_skip_tracking":false},"aioseo_notices":[],"_links":{"self":[{"href":"https:\/\/secreerd.com\/index.php\/wp-json\/wp\/v2\/pages\/7"}],"collection":[{"href":"https:\/\/secreerd.com\/index.php\/wp-json\/wp\/v2\/pages"}],"about":[{"href":"https:\/\/secreerd.com\/index.php\/wp-json\/wp\/v2\/types\/page"}],"author":[{"embeddable":true,"href":"https:\/\/secreerd.com\/index.php\/wp-json\/wp\/v2\/users\/1"}],"replies":[{"embeddable":true,"href":"https:\/\/secreerd.com\/index.php\/wp-json\/wp\/v2\/comments?post=7"}],"version-history":[{"count":36,"href":"https:\/\/secreerd.com\/index.php\/wp-json\/wp\/v2\/pages\/7\/revisions"}],"predecessor-version":[{"id":820,"href":"https:\/\/secreerd.com\/index.php\/wp-json\/wp\/v2\/pages\/7\/revisions\/820"}],"wp:attachment":[{"href":"https:\/\/secreerd.com\/index.php\/wp-json\/wp\/v2\/media?parent=7"}],"curies":[{"name":"wp","href":"https:\/\/api.w.org\/{rel}","templated":true}]}}